{"id":1846,"date":"2024-02-19T10:12:10","date_gmt":"2024-02-19T09:12:10","guid":{"rendered":"https:\/\/herdadevilar.com\/plantilla-inicio\/"},"modified":"2025-05-08T11:18:06","modified_gmt":"2025-05-08T10:18:06","slug":"plantilla-inicio","status":"publish","type":"page","link":"https:\/\/herdadevilar.com\/es\/plantilla-inicio\/","title":{"rendered":"Plantilla inicio"},"content":{"rendered":"\t\t<div data-elementor-type=\"wp-page\" data-elementor-id=\"1846\" class=\"elementor elementor-1846 elementor-1424\" data-elementor-post-type=\"page\">\n\t\t\t\t<div class=\"elementor-element elementor-element-2a60ab29 e-con-full e-flex e-con e-parent\" data-id=\"2a60ab29\" data-element_type=\"container\" data-e-type=\"container\">\n\t\t\t\t<div class=\"elementor-element elementor-element-505e4e5d elementor-pagination-position-outside elementor-widget__width-inherit elementor--h-position-center elementor--v-position-middle elementor-arrows-position-inside elementor-widget elementor-widget-slides\" data-id=\"505e4e5d\" data-element_type=\"widget\" data-e-type=\"widget\" data-settings=\"{&quot;autoplay_speed&quot;:4000,&quot;navigation&quot;:&quot;both&quot;,&quot;autoplay&quot;:&quot;yes&quot;,&quot;pause_on_hover&quot;:&quot;yes&quot;,&quot;pause_on_interaction&quot;:&quot;yes&quot;,&quot;infinite&quot;:&quot;yes&quot;,&quot;transition&quot;:&quot;slide&quot;,&quot;transition_speed&quot;:500}\" data-widget_type=\"slides.default\">\n\t\t\t\t<div class=\"elementor-widget-container\">\n\t\t\t\t\t\t\t\t\t<div class=\"elementor-swiper\">\n\t\t\t\t\t<div class=\"elementor-slides-wrapper elementor-main-swiper swiper\" role=\"region\" aria-roledescription=\"carousel\" aria-label=\"Diapositivas\" dir=\"ltr\" data-animation=\"\">\n\t\t\t\t<div class=\"swiper-wrapper elementor-slides\">\n\t\t\t\t\t\t\t\t\t\t<div class=\"elementor-repeater-item-629e555 swiper-slide\" role=\"group\" aria-roledescription=\"slide\"><div class=\"swiper-slide-bg\" role=\"img\" aria-label=\"\"><\/div><a class=\"swiper-slide-inner\" href=\"https:\/\/herdadevilar.com\/es\/tipos\/\"><div class=\"swiper-slide-contents\"><div class=\"elementor-slide-heading\">Herdade de Vilar<\/div><div class=\"elementor-slide-description\"><p>Vila Nova de Gaia - Oporto Portugal<\/p>\n<\/div><div  class=\"elementor-button elementor-slide-button elementor-size-sm\">M\u00e1s informaci\u00f3n<\/div><\/div><\/a><\/div><div class=\"elementor-repeater-item-83c70ce swiper-slide\" role=\"group\" aria-roledescription=\"slide\"><div class=\"swiper-slide-bg\" role=\"img\" aria-label=\"\"><\/div><a class=\"swiper-slide-inner\" href=\"https:\/\/herdadevilar.com\/es\/tipos\/\"><div class=\"swiper-slide-contents\"><div class=\"elementor-slide-heading\">206 Apartamentos<\/div><div class=\"elementor-slide-description\"><p>300 aparcamientos privados<\/p>\n<\/div><div  class=\"elementor-button elementor-slide-button elementor-size-sm\">M\u00e1s informaci\u00f3n<\/div><\/div><\/a><\/div><div class=\"elementor-repeater-item-41c18f0 swiper-slide\" role=\"group\" aria-roledescription=\"slide\"><div class=\"swiper-slide-bg\" role=\"img\" aria-label=\"\"><\/div><a class=\"swiper-slide-inner\" href=\"https:\/\/herdadevilar.com\/es\/tipos\/\"><div class=\"swiper-slide-contents\"><div class=\"elementor-slide-heading\">Zonas verdes<\/div><div class=\"elementor-slide-description\"><p>Zona tranquila y c\u00e9ntrica<\/p>\n<\/div><div  class=\"elementor-button elementor-slide-button elementor-size-sm\">M\u00e1s informaci\u00f3n<\/div><\/div><\/a><\/div><div class=\"elementor-repeater-item-0485517 swiper-slide\" role=\"group\" aria-roledescription=\"slide\"><div class=\"swiper-slide-bg\" role=\"img\" aria-label=\"\"><\/div><a class=\"swiper-slide-inner\" href=\"https:\/\/herdadevilar.com\/es\/tipos\/\"><div class=\"swiper-slide-contents\"><div class=\"elementor-slide-heading\">Guarder\u00eda y Club House<\/div><div class=\"elementor-slide-description\"><p>Gimnasio | Coliving y coworking<\/p>\n<\/div><div  class=\"elementor-button elementor-slide-button elementor-size-sm\">M\u00e1s informaci\u00f3n<\/div><\/div><\/a><\/div>\t\t\t\t<\/div>\n\t\t\t\t\t\t\t\t\t\t\t\t\t\t\t<div class=\"elementor-swiper-button elementor-swiper-button-prev\" role=\"button\" tabindex=\"0\" aria-label=\"Diapositiva anterior\">\n\t\t\t\t\t\t\t<svg aria-hidden=\"true\" class=\"e-font-icon-svg e-eicon-chevron-left\" viewBox=\"0 0 1000 1000\" xmlns=\"http:\/\/www.w3.org\/2000\/svg\"><path d=\"M646 125C629 125 613 133 604 142L308 442C296 454 292 471 292 487 292 504 296 521 308 533L604 854C617 867 629 875 646 875 663 875 679 871 692 858 704 846 713 829 713 812 713 796 708 779 692 767L438 487 692 225C700 217 708 204 708 187 708 171 704 154 692 142 675 129 663 125 646 125Z\"><\/path><\/svg>\t\t\t\t\t\t<\/div>\n\t\t\t\t\t\t<div class=\"elementor-swiper-button elementor-swiper-button-next\" role=\"button\" tabindex=\"0\" aria-label=\"Diapositiva siguiente\">\n\t\t\t\t\t\t\t<svg aria-hidden=\"true\" class=\"e-font-icon-svg e-eicon-chevron-right\" viewBox=\"0 0 1000 1000\" xmlns=\"http:\/\/www.w3.org\/2000\/svg\"><path d=\"M696 533C708 521 713 504 713 487 713 471 708 454 696 446L400 146C388 133 375 125 354 125 338 125 325 129 313 142 300 154 292 171 292 187 292 204 296 221 308 233L563 492 304 771C292 783 288 800 288 817 288 833 296 850 308 863 321 871 338 875 354 875 371 875 388 867 400 854L696 533Z\"><\/path><\/svg>\t\t\t\t\t\t<\/div>\n\t\t\t\t\t\t\t\t\t\t\t\t\t\t\t\t<div class=\"swiper-pagination\"><\/div>\n\t\t\t\t\t\t\t\t\t\t\t\t<\/div>\n\t\t\t\t<\/div>\n\t\t\t\t\t\t\t\t<\/div>\n\t\t\t\t<\/div>\n\t\t\t\t<\/div>\n\t\t<div class=\"elementor-element elementor-element-4c05e58a e-flex e-con-boxed e-con e-parent\" data-id=\"4c05e58a\" data-element_type=\"container\" data-e-type=\"container\">\n\t\t\t\t\t<div class=\"e-con-inner\">\n\t\t\t\t<div class=\"elementor-element elementor-element-3957c617 elementor-widget elementor-widget-text-editor\" data-id=\"3957c617\" data-element_type=\"widget\" data-e-type=\"widget\" data-widget_type=\"text-editor.default\">\n\t\t\t\t<div class=\"elementor-widget-container\">\n\t\t\t\t\t\t\t\t\t<h5 class=\"has-medium-font-size\">Proyecto inmobiliario en Vila Nova de Gaia &#8211; Oporto, compuesto por 7 bloques con un total de 206 viviendas. El proyecto incluye:<\/h5><ul><li class=\"has-medium-font-size\">Guarder\u00eda<\/li><li class=\"has-medium-font-size\">Club House y jardines<\/li><li class=\"has-medium-font-size\">Gimnasio<\/li><li class=\"has-medium-font-size\">Coliving y coworking<\/li><li class=\"has-medium-font-size\">Plazas de aparcamiento<\/li><\/ul><div> <\/div><div><h5 class=\"has-medium-font-size\">Excelente ubicaci\u00f3n<\/h5><ul><li class=\"has-medium-font-size\">Zona tranquila y c\u00e9ntrica<\/li><li class=\"has-medium-font-size\">Grandes extensiones de zonas verdes<\/li><li class=\"has-medium-font-size\">Cerca de las autopistas A29 y A44<\/li><li class=\"has-medium-font-size\">Playa a 3,7 km<\/li><li class=\"has-medium-font-size\">Hospital p\u00fablico a 13 minutos<\/li><li class=\"has-medium-font-size\">Centros comerciales y colegios cercanos<\/li><\/ul><\/div>\t\t\t\t\t\t\t\t<\/div>\n\t\t\t\t<\/div>\n\t\t\t\t\t<\/div>\n\t\t\t\t<\/div>\n\t\t<div class=\"elementor-element elementor-element-5fb87ad1 e-flex e-con-boxed e-con e-parent\" data-id=\"5fb87ad1\" data-element_type=\"container\" data-e-type=\"container\">\n\t\t\t\t\t<div class=\"e-con-inner\">\n\t\t<div class=\"elementor-element elementor-element-1f092bcb e-flex e-con-boxed e-con e-child\" data-id=\"1f092bcb\" data-element_type=\"container\" data-e-type=\"container\">\n\t\t\t\t\t<div class=\"e-con-inner\">\n\t\t\t\t<div class=\"elementor-element elementor-element-65d1298b elementor-widget elementor-widget-text-editor\" data-id=\"65d1298b\" data-element_type=\"widget\" data-e-type=\"widget\" data-widget_type=\"text-editor.default\">\n\t\t\t\t<div class=\"elementor-widget-container\">\n\t\t\t\t\t\t\t\t\t<h5 class=\"has-medium-font-size\">Empresas participantes y colaboradoras<\/h5>\t\t\t\t\t\t\t\t<\/div>\n\t\t\t\t<\/div>\n\t\t\t\t\t<\/div>\n\t\t\t\t<\/div>\n\t\t\t\t\t<\/div>\n\t\t\t\t<\/div>\n\t\t<div class=\"elementor-element elementor-element-1ff3132c e-flex e-con-boxed e-con e-parent\" data-id=\"1ff3132c\" data-element_type=\"container\" data-e-type=\"container\">\n\t\t\t\t\t<div class=\"e-con-inner\">\n\t\t<div class=\"elementor-element elementor-element-4b6b964d e-flex e-con-boxed e-con e-child\" data-id=\"4b6b964d\" data-element_type=\"container\" data-e-type=\"container\">\n\t\t\t\t\t<div class=\"e-con-inner\">\n\t\t\t\t<div class=\"elementor-element elementor-element-3791c8af elementor-widget elementor-widget-image-carousel\" data-id=\"3791c8af\" data-element_type=\"widget\" data-e-type=\"widget\" data-settings=\"{&quot;navigation&quot;:&quot;none&quot;,&quot;autoplay_speed&quot;:3000,&quot;autoplay&quot;:&quot;yes&quot;,&quot;pause_on_hover&quot;:&quot;yes&quot;,&quot;pause_on_interaction&quot;:&quot;yes&quot;,&quot;infinite&quot;:&quot;yes&quot;,&quot;speed&quot;:500}\" data-widget_type=\"image-carousel.default\">\n\t\t\t\t<div class=\"elementor-widget-container\">\n\t\t\t\t\t\t\t<div class=\"elementor-image-carousel-wrapper swiper\" role=\"region\" aria-roledescription=\"carousel\" aria-label=\"Carrusel de im\u00e1genes\" dir=\"ltr\">\n\t\t\t<div class=\"elementor-image-carousel swiper-wrapper\" aria-live=\"off\">\n\t\t\t\t\t\t\t\t<div class=\"swiper-slide\" role=\"group\" aria-roledescription=\"slide\" aria-label=\"1 de 3\"><figure class=\"swiper-slide-inner\"><img decoding=\"async\" class=\"swiper-slide-image\" src=\"https:\/\/herdadevilar.com\/wp-content\/uploads\/2024\/02\/Logo-Rendima-gris.webp\" alt=\"Logo Rendima gris\" \/><\/figure><\/div><div class=\"swiper-slide\" role=\"group\" aria-roledescription=\"slide\" aria-label=\"2 de 3\"><figure class=\"swiper-slide-inner\"><img decoding=\"async\" class=\"swiper-slide-image\" src=\"https:\/\/herdadevilar.com\/wp-content\/uploads\/2024\/02\/consfly-1.webp\" alt=\"consfly\" \/><\/figure><\/div><div class=\"swiper-slide\" role=\"group\" aria-roledescription=\"slide\" aria-label=\"3 de 3\"><figure class=\"swiper-slide-inner\"><img decoding=\"async\" class=\"swiper-slide-image\" src=\"https:\/\/herdadevilar.com\/wp-content\/uploads\/2024\/02\/Reabau-1.webp\" alt=\"Reabau\" \/><\/figure><\/div>\t\t\t<\/div>\n\t\t\t\t\t\t\t\n\t\t\t\t\t\t\t\t\t<\/div>\n\t\t\t\t\t\t<\/div>\n\t\t\t\t<\/div>\n\t\t\t\t\t<\/div>\n\t\t\t\t<\/div>\n\t\t\t\t\t<\/div>\n\t\t\t\t<\/div>\n\t\t<div class=\"elementor-element elementor-element-5a4a5706 e-flex e-con-boxed e-con e-parent\" data-id=\"5a4a5706\" data-element_type=\"container\" data-e-type=\"container\">\n\t\t\t\t\t<div class=\"e-con-inner\">\n\t\t\t\t\t<\/div>\n\t\t\t\t<\/div>\n\t\t\t\t<\/div>\n\t\t","protected":false},"excerpt":{"rendered":"<p>Herdade de Vilar Vila Nova de Gaia &#8211; Oporto Portugal M\u00e1s informaci\u00f3n206 Apartamentos 300 aparcamientos privados M\u00e1s informaci\u00f3nZonas verdes Zona tranquila y c\u00e9ntrica M\u00e1s informaci\u00f3nGuarder\u00eda y Club House Gimnasio | Coliving y coworking M\u00e1s informaci\u00f3n Proyecto inmobiliario en Vila Nova de Gaia &#8211; Oporto, compuesto por 7 bloques con un total de 206 viviendas. El [&hellip;]<\/p>\n","protected":false},"author":1,"featured_media":0,"parent":0,"menu_order":0,"comment_status":"closed","ping_status":"closed","template":"elementor_header_footer","meta":{"footnotes":""},"class_list":["post-1846","page","type-page","status-publish","hentry"],"_links":{"self":[{"href":"https:\/\/herdadevilar.com\/es\/wp-json\/wp\/v2\/pages\/1846","targetHints":{"allow":["GET"]}}],"collection":[{"href":"https:\/\/herdadevilar.com\/es\/wp-json\/wp\/v2\/pages"}],"about":[{"href":"https:\/\/herdadevilar.com\/es\/wp-json\/wp\/v2\/types\/page"}],"author":[{"embeddable":true,"href":"https:\/\/herdadevilar.com\/es\/wp-json\/wp\/v2\/users\/1"}],"replies":[{"embeddable":true,"href":"https:\/\/herdadevilar.com\/es\/wp-json\/wp\/v2\/comments?post=1846"}],"version-history":[{"count":5,"href":"https:\/\/herdadevilar.com\/es\/wp-json\/wp\/v2\/pages\/1846\/revisions"}],"predecessor-version":[{"id":7957,"href":"https:\/\/herdadevilar.com\/es\/wp-json\/wp\/v2\/pages\/1846\/revisions\/7957"}],"wp:attachment":[{"href":"https:\/\/herdadevilar.com\/es\/wp-json\/wp\/v2\/media?parent=1846"}],"curies":[{"name":"wp","href":"https:\/\/api.w.org\/{rel}","templated":true}]}}