{"id":1847,"date":"2023-12-28T13:31:49","date_gmt":"2023-12-28T13:31:49","guid":{"rendered":"https:\/\/herdadevilar.com\/politica-de-privacidad\/"},"modified":"2025-04-04T06:22:32","modified_gmt":"2025-04-04T06:22:32","slug":"politica-de-privacidad","status":"publish","type":"page","link":"https:\/\/herdadevilar.com\/es\/politica-de-privacidad\/","title":{"rendered":"Pol\u00edtica de privacidad"},"content":{"rendered":"\t\t<div data-elementor-type=\"wp-page\" data-elementor-id=\"1847\" class=\"elementor elementor-1847 elementor-822\" data-elementor-post-type=\"page\">\n\t\t\t\t<div class=\"elementor-element elementor-element-ee79726 e-flex e-con-boxed e-con e-parent\" data-id=\"ee79726\" data-element_type=\"container\" data-e-type=\"container\">\n\t\t\t\t\t<div class=\"e-con-inner\">\n\t\t\t\t<div class=\"elementor-element elementor-element-2851b34 elementor-widget elementor-widget-text-editor\" data-id=\"2851b34\" data-element_type=\"widget\" data-e-type=\"widget\" data-widget_type=\"text-editor.default\">\n\t\t\t\t<div class=\"elementor-widget-container\">\n\t\t\t\t\t\t\t\t\t<header class=\"page-header\"><h1 class=\"entry-title\"> <\/h1><\/header><div class=\"page-content\"><p>El Titular le informa de su Pol\u00edtica de Privacidad en relaci\u00f3n con el tratamiento y protecci\u00f3n de los datos de car\u00e1cter personal de los usuarios que puedan ser recabados durante la navegaci\u00f3n por el Sitio Web: <a href=\"https:\/\/herdadevilar.com\/es\/politica-de-privacidad\/\">https:\/\/herdadevilar.com<\/a><\/p><p>En este sentido, el Titular garantiza el cumplimiento de la normativa vigente en materia de protecci\u00f3n de datos personales, reflejada en la Ley Org\u00e1nica 3\/2018, de 5 de diciembre, de Protecci\u00f3n de Datos Personales y Garant\u00eda de los Derechos Digitales (LOPD GDD). Tambi\u00e9n cumple con el Reglamento (UE) 2016\/679 del Parlamento Europeo y del Consejo, de 27 de abril de 2016, relativo a la protecci\u00f3n de las personas f\u00edsicas (GDPR).<\/p><p>El uso del sitio web implica la aceptaci\u00f3n de esta Pol\u00edtica de Privacidad, as\u00ed como de las condiciones incluidas en el <a href=\"https:\/\/herdadevilar.com\/es\/menciones-legales\/\">Aviso<\/a> Legal.<\/p><h2>Identidad de la persona responsable<\/h2><ul><li><b>Responsable:<\/b> Pegadas Gal\u00e1cticas Lda.<\/li><li><b>NIF: <\/b>516667793<\/li><li><b>Direcci\u00f3n:<\/b> Rua Fern\u00e3o de Magalh\u00e3es, n\u00ba 2, Castelinho, 4400-629 Vila Nova de Gaia<\/li><li><b>Correo electr\u00f3nico:<\/b> info@herdadevilar.com<\/li><li><b>P\u00e1gina web:<\/b> <a href=\"https:\/\/herdadevilar.com\/es\/politica-de-privacidad\/\">https:\/\/herdadevilar.com<\/a><\/li><\/ul><h2>Principios aplicados al tratamiento de datos<\/h2><p>Al tratar sus datos personales, el responsable del tratamiento aplica los siguientes principios, que se ajustan a los requisitos del nuevo Reglamento Europeo de Protecci\u00f3n de Datos (RGPD):<\/p><ul><li>Principio de licitud, lealtad y transparencia: El responsable del tratamiento exigir\u00e1 siempre el consentimiento para el tratamiento de los datos personales, que podr\u00e1 tener una o varias finalidades espec\u00edficas sobre las que el responsable informar\u00e1 previamente al usuario con absoluta transparencia.<\/li><li>Principio de minimizaci\u00f3n de datos: El responsable del tratamiento s\u00f3lo solicita los datos estrictamente necesarios para la finalidad o finalidades para las que se solicitan.<\/li><li>Principio de limitaci\u00f3n del plazo de conservaci\u00f3n: El responsable del tratamiento conserva los datos personales recogidos durante el tiempo estrictamente necesario para los fines del tratamiento. <br>En el caso de las suscripciones, el Titular del Registro revisar\u00e1 peri\u00f3dicamente las listas y eliminar\u00e1 las inscripciones que hayan permanecido inactivas durante un per\u00edodo de tiempo considerable.<\/li><li><br>Principio de integridad y confidencialidad: Los datos personales recogidos se tratar\u00e1n de forma que se garantice su seguridad, confidencialidad e integridad. El responsable del tratamiento toma las precauciones necesarias para evitar el acceso no autorizado o el uso indebido de los datos de sus usuarios por parte de terceros.<\/li><\/ul><h2>Recogida de datos personales<\/h2><p>No es necesario que facilite ning\u00fan dato personal para navegar por el sitio web.<\/p><p>Los casos en los que los usuarios facilitan sus datos personales son los siguientes:<\/p><ul><li>Poni\u00e9ndose en contacto con nosotros a trav\u00e9s de los formularios de contacto o envi\u00e1ndonos un correo electr\u00f3nico.<\/li><li>Al comentar un art\u00edculo o una p\u00e1gina.<\/li><\/ul><h2>Derechos<\/h2><p>El Propietario le informa de que tiene derecho a:<\/p><ul><li>Solicitar acceso a los datos almacenados.<\/li><li>Solicitar la rectificaci\u00f3n o supresi\u00f3n.<\/li><li>Solicitar que se restrinja su tratamiento.<\/li><li>Tratamiento contrario.<\/li><\/ul><p>No puede ejercer su derecho a la portabilidad de los datos.<\/p><p>El ejercicio de estos derechos es personal y, por tanto, debe ser ejercido directamente por el interesado solicit\u00e1ndolo directamente al responsable del tratamiento, lo que significa que cualquier cliente, abonado o empleado que haya facilitado sus datos en cualquier momento puede dirigirse al responsable del tratamiento y solicitar informaci\u00f3n sobre los datos almacenados y c\u00f3mo se han obtenido, solicitar la rectificaci\u00f3n de los datos, oponerse a su tratamiento, limitar su uso o solicitar la supresi\u00f3n de estos datos de los ficheros del responsable del tratamiento.<\/p><p>Para ejercer sus derechos, env\u00ede su solicitud, acompa\u00f1ada de una fotocopia de su documento nacional de identidad o equivalente, a la siguiente direcci\u00f3n de correo electr\u00f3nico: info@herdadevilar.com<\/p><p>El ejercicio de estos derechos no incluye los datos que el responsable del tratamiento est\u00e9 obligado a conservar por motivos administrativos, legales o de seguridad.<\/p><p>Usted tiene derecho a la tutela judicial efectiva y a presentar una reclamaci\u00f3n ante la autoridad de control, en este caso la Agencia Espa\u00f1ola de Protecci\u00f3n de Datos, si considera que el tratamiento de los datos personales que le conciernen vulnera la normativa.<\/p><h2 id=\"finalidad-del-tratamiento-de-datos-personales\">Finalidad del tratamiento de datos personales<\/h2><p>Cuando usted se conecta al Sitio Web para enviar un correo electr\u00f3nico al Propietario, escribir un comentario sobre un art\u00edculo o una p\u00e1gina, suscribirse a su bolet\u00edn de noticias, est\u00e1 proporcionando informaci\u00f3n personal de la que es responsable el Propietario. Esta informaci\u00f3n puede incluir datos personales como su direcci\u00f3n IP, nombre y apellidos, direcci\u00f3n f\u00edsica, direcci\u00f3n de correo electr\u00f3nico, n\u00famero de tel\u00e9fono y otra informaci\u00f3n. Al proporcionar esta informaci\u00f3n, usted da su consentimiento para que su informaci\u00f3n sea recopilada, utilizada, gestionada y almacenada por &#8211; Ionos &#8211; s\u00f3lo como se describe en las p\u00e1ginas:<\/p><ul><li><a href=\"https:\/\/herdadevilar.com\/es\/menciones-legales\/\">Aviso Legal<\/a><\/li><li><a href=\"https:\/\/herdadevilar.com\/es\/politica-de-privacidad\/\">Pol\u00edtica de privacidad<\/a><\/li><\/ul><p>Los datos personales y la finalidad de su tratamiento var\u00edan en funci\u00f3n del sistema de recogida de informaci\u00f3n:<\/p><ul><li><br>Formularios de contacto: El Titular solicita datos personales, que pueden incluir: nombre y apellidos, direcci\u00f3n de correo electr\u00f3nico, n\u00famero de tel\u00e9fono y direcci\u00f3n del sitio web, con el fin de responder a las consultas de los Usuarios. Por ejemplo, el Titular utiliza estos datos para responder a mensajes, consultas, quejas, comentarios o inquietudes que los Usuarios puedan tener en relaci\u00f3n con la informaci\u00f3n incluida en el Sitio Web, el tratamiento de datos personales, preguntas sobre los textos legales incluidos en el Sitio Web, as\u00ed como cualquier otra cuesti\u00f3n que el Usuario pueda tener y que no est\u00e9 sujeta a las condiciones del Sitio Web.<\/li><li>Formularios de comentarios: El Propietario solicita datos personales que pueden incluir: nombre y apellidos, direcci\u00f3n de correo electr\u00f3nico y direcci\u00f3n del sitio web con el fin de responder a los comentarios de los Usuarios.<\/li><\/ul><p>Existen otros fines para los que el responsable del tratamiento trata los datos personales:<\/p><ul><li>Garantizar el cumplimiento de las condiciones definidas en la p\u00e1gina de Aviso Legal y en la legislaci\u00f3n aplicable. Esto puede incluir el desarrollo de herramientas y algoritmos para ayudar al sitio web a garantizar la confidencialidad de los datos personales que recoge.<\/li><li>Para apoyar y mejorar los servicios ofrecidos por este sitio web.<\/li><li>Para analizar la navegaci\u00f3n de los usuarios. El Titular recaba otros datos no identificables obtenidos mediante el uso de cookies que se descargan en el ordenador del Usuario cuando navega por el Sitio Web, cuyas caracter\u00edsticas y finalidad se detallan en la p\u00e1gina de <a href=\"https:\/\/herdadevilar.com\/es\/politica-de-cookies\/\">Pol\u00edtica de Cookies<\/a>.<\/li><li><p>Gesti\u00f3n de las redes sociales. El propietario est\u00e1 presente en las redes sociales. <br>Si te haces seguidor en las redes sociales del Titular, el tratamiento de tus datos personales se regir\u00e1 por este apartado, as\u00ed como por aquellas condiciones de uso, pol\u00edticas de privacidad y normativas de acceso que pertenezcan a la red social que proceda en cada caso y que hayas aceptado previamente. Puedes consultar las pol\u00edticas de privacidad de las principales redes sociales siguiendo estos enlaces:<\/p><ul><li><a href=\"https:\/\/www.facebook.com\/help\/cookies\" target=\"_blank\" rel=\"nofollow noopener\">Facebook<\/a><\/li><li><a href=\"https:\/\/twitter.com\/privacy\" target=\"_blank\" rel=\"nofollow noopener\">X<\/a><\/li><li><a href=\"https:\/\/www.linkedin.com\/legal\/cookie-policy\" target=\"_blank\" rel=\"nofollow noopener\">Linkedin<\/a><\/li><li><a href=\"https:\/\/www.youtube.com\/privacy\" target=\"_blank\" rel=\"nofollow noopener\">YouTube<\/a><\/li><li><a href=\"https:\/\/www.instagram.com\/legal\/privacy\/\" target=\"_blank\" rel=\"nofollow noopener\">Instagram<\/a><\/li><\/ul><p>El Titular tratar\u00e1 sus datos personales con las finalidades de administrar correctamente su presencia en la red social, informarle de sus actividades, as\u00ed como para cualquier otra finalidad que las normativas de las redes sociales permitan.<\/p><p>En ning\u00fan caso el responsable del tratamiento utilizar\u00e1 los perfiles de los seguidores en las redes sociales para enviar publicidad de forma individualizada.<\/p><\/li><\/ul><h2>Seguridad de los datos personales<\/h2><p>Para proteger sus datos personales, el Responsable del Tratamiento toma todas las precauciones razonables y sigue las mejores pr\u00e1cticas del sector para evitar la p\u00e9rdida, el uso indebido, el acceso indebido, la divulgaci\u00f3n, la alteraci\u00f3n o la destrucci\u00f3n de sus datos personales.<\/p><p>El sitio web est\u00e1 alojado en: Ionos. La seguridad de los datos est\u00e1 garantizada, ya que se toman todas las medidas de seguridad necesarias. Para m\u00e1s informaci\u00f3n, puede consultar su pol\u00edtica de privacidad.<\/p><p>El Responsable del Tratamiento informa al Usuario de que sus datos personales no ser\u00e1n cedidos a terceras organizaciones, con la salvedad de que dicha cesi\u00f3n de datos este amparada en una obligaci\u00f3n legal o cuando la prestaci\u00f3n de un servicio implique la necesidad de una relaci\u00f3n contractual con un encargado de tratamiento. En este \u00faltimo caso, la cesi\u00f3n de datos a terceros s\u00f3lo tendr\u00e1 lugar cuando el responsable del tratamiento cuente con el consentimiento expreso del usuario.<\/p><p>No obstante, en algunos casos, se podr\u00e1n realizar colaboraciones con otros profesionales; en estos casos, se requerir\u00e1 el consentimiento del Usuario, informando de la identidad del colaborador y de la finalidad de la colaboraci\u00f3n. Siempre se llevar\u00e1 a cabo de acuerdo con las normas de seguridad m\u00e1s estrictas.<\/p><h2>Contenidos de otros sitios web<\/h2><p>Las p\u00e1ginas de este sitio web pueden incluir contenidos incrustados (por ejemplo, v\u00eddeos, im\u00e1genes, art\u00edculos, etc.). Los contenidos incrustados de otros sitios web se comportan exactamente igual que si el usuario hubiera visitado el otro sitio web.<\/p><p>Estos sitios web pueden recopilar datos sobre usted, utilizar cookies, incrustar c\u00f3digo de seguimiento adicional de terceros y supervisar su interacci\u00f3n utilizando este c\u00f3digo.<\/p><h2>Pol\u00edtica de cookies<\/h2><p>Para que este sitio web funcione correctamente, es necesario utilizar cookies, que son fragmentos de informaci\u00f3n almacenados en su navegador web.<\/p><p>Puede consultar toda la informaci\u00f3n sobre la pol\u00edtica de recogida y tratamiento de cookies en la p\u00e1gina <a href=\"https:\/\/herdadevilar.com\/es\/politica-de-cookies\/\">Pol\u00edtica de cookies<\/a>.<\/p><h2>Legitimaci\u00f3n del tratamiento de datos<\/h2><p>La base jur\u00eddica para el tratamiento de sus datos es<\/p><ul><li>El consentimiento del interesado.<\/li><\/ul><h2>Categor\u00edas de datos personales<\/h2><p>Las categor\u00edas de datos personales tratados por el responsable del tratamiento son:<\/p><ul><li>Datos de identificaci\u00f3n.<\/li><li>No se tratan categor\u00edas de datos especialmente protegidas.<\/li><\/ul><h2>Conservaci\u00f3n de datos personales<\/h2><p>Los datos personales facilitados al interesado se conservar\u00e1n hasta que \u00e9ste solicite su supresi\u00f3n.<\/p><div id=\"destinatarios\"><h2>Destinatarios de los datos personales<\/h2><ul><li><br>G<b>oogle Analytics<\/b> es un servicio anal\u00edtico de web prestado por Google, Inc, una compa\u00f1\u00eda de Delaware con sede central en 1600 Amphitheatre Parkway, Mountain View, California, CA 94043, EE.UU. (\u00abGoogle\u00bb). Google Analytics utiliza \u00abcookies\u00bb, que son archivos de texto ubicados en tu ordenador, para ayudar al website a analizar el uso que hacen los usuarios del sitio web. <br>La informaci\u00f3n que genera la cookie acerca de tu uso del sitio web (incluyendo tu direcci\u00f3n IP) ser\u00e1 directamente transmitida y archivada por Google en los servidores de Estados Unidos. M\u00e1s informaci\u00f3n en:<a href=\"https:\/\/policies.google.com\/privacy?hl=es-ES\" target=\"_blank\" rel=\"nofollow noopener\">https:\/\/analytics.google.com<\/a><\/li><\/ul><\/div><p>Puede consultar c\u00f3mo gestiona Google la privacidad en relaci\u00f3n con el uso de cookies y otra informaci\u00f3n en la p\u00e1gina de Pol\u00edtica de privacidad de Google: <a href=\"https:\/\/policies.google.com\/privacy?hl=es\" target=\"_blank\" rel=\"nofollow noopener\">https:\/\/policies.google.com\/privacy?hl=es<\/a>.<\/p><p>Tambi\u00e9n puede consultar una lista de los tipos de cookies utilizados por Google y sus socios y toda la informaci\u00f3n relativa al uso de cookies publicitarias en:<\/p><ul><li><a href=\"https:\/\/policies.google.com\/technologies\/types?hl=es\" target=\"_blank\" rel=\"nofollow noopener\">Tipos de cookies utilizadas por Google<\/a><\/li><li><a href=\"https:\/\/policies.google.com\/technologies\/ads?hl=es\" target=\"_blank\" rel=\"nofollow noopener\">C\u00f3mo utiliza Google las cookies en la publicidad<\/a>.<\/li><\/ul><h2>Navegaci\u00f3n web<\/h2><p>A medida que el usuario navega por el sitio web, pueden recopilarse datos no identificativos, que pueden incluir la direcci\u00f3n IP, la geolocalizaci\u00f3n, un registro de c\u00f3mo se utilizan los servicios y sitios, los h\u00e1bitos de navegaci\u00f3n y otros datos que no pueden utilizarse para identificar al usuario.<\/p><p>El sitio web utiliza los siguientes servicios de an\u00e1lisis de terceros:<\/p><ul><li>Google Analytics.<\/li><\/ul><p>El Propietario utiliza la informaci\u00f3n obtenida para obtener datos estad\u00edsticos, analizar tendencias, administrar el sitio, estudiar patrones de navegaci\u00f3n y recopilar informaci\u00f3n demogr\u00e1fica.<\/p><p>El Propietario no se hace responsable del tratamiento de datos personales por parte de los sitios web a los que se pueda acceder a trav\u00e9s de los distintos enlaces contenidos en el Sitio Web.<\/p><h2>Exactitud y veracidad de los datos personales<\/h2><p>El usuario se compromete a que los datos facilitados al responsable del tratamiento sean correctos, completos, exactos y actualizados, y a mantenerlos debidamente actualizados.<\/p><p>Como Usuario del Sitio Web, usted es el \u00fanico responsable de la veracidad y correcci\u00f3n de los datos introducidos en el Sitio Web, eximiendo al Propietario de cualquier responsabilidad al respecto.<\/p><h2>Aceptaci\u00f3n y consentimiento<\/h2><p>Como Usuario del Sitio Web, declara haber sido informado de las condiciones sobre protecci\u00f3n de datos de car\u00e1cter personal, aceptando y consintiendo el tratamiento de los mismos por parte del Titular en la forma y para las finalidades indicadas en esta Pol\u00edtica de Privacidad.<\/p><p>Para ponerse en contacto con el Propietario, suscribirse a un bolet\u00edn o hacer comentarios en este sitio web, debe aceptar esta Pol\u00edtica de privacidad.<\/p><h2>Cambios en la pol\u00edtica de privacidad<\/h2><p>El Titular se reserva el derecho a modificar la presente Pol\u00edtica de Privacidad para adaptarla a novedades legislativas o jurisprudenciales, as\u00ed como a pr\u00e1cticas del sector.<\/p><p>Estas pol\u00edticas permanecer\u00e1n en vigor hasta que sean modificadas por otras debidamente publicadas.<\/p><\/div>\t\t\t\t\t\t\t\t<\/div>\n\t\t\t\t<\/div>\n\t\t\t\t\t<\/div>\n\t\t\t\t<\/div>\n\t\t\t\t<\/div>\n\t\t","protected":false},"excerpt":{"rendered":"<p>El Titular le informa de su Pol\u00edtica de Privacidad en relaci\u00f3n con el tratamiento y protecci\u00f3n de los datos de car\u00e1cter personal de los usuarios que puedan ser recabados durante la navegaci\u00f3n por el Sitio Web: https:\/\/herdadevilar.com En este sentido, el Titular garantiza el cumplimiento de la normativa vigente en materia de protecci\u00f3n de datos [&hellip;]<\/p>\n","protected":false},"author":1,"featured_media":0,"parent":0,"menu_order":0,"comment_status":"closed","ping_status":"closed","template":"","meta":{"footnotes":""},"class_list":["post-1847","page","type-page","status-publish","hentry"],"_links":{"self":[{"href":"https:\/\/herdadevilar.com\/es\/wp-json\/wp\/v2\/pages\/1847","targetHints":{"allow":["GET"]}}],"collection":[{"href":"https:\/\/herdadevilar.com\/es\/wp-json\/wp\/v2\/pages"}],"about":[{"href":"https:\/\/herdadevilar.com\/es\/wp-json\/wp\/v2\/types\/page"}],"author":[{"embeddable":true,"href":"https:\/\/herdadevilar.com\/es\/wp-json\/wp\/v2\/users\/1"}],"replies":[{"embeddable":true,"href":"https:\/\/herdadevilar.com\/es\/wp-json\/wp\/v2\/comments?post=1847"}],"version-history":[{"count":9,"href":"https:\/\/herdadevilar.com\/es\/wp-json\/wp\/v2\/pages\/1847\/revisions"}],"predecessor-version":[{"id":7159,"href":"https:\/\/herdadevilar.com\/es\/wp-json\/wp\/v2\/pages\/1847\/revisions\/7159"}],"wp:attachment":[{"href":"https:\/\/herdadevilar.com\/es\/wp-json\/wp\/v2\/media?parent=1847"}],"curies":[{"name":"wp","href":"https:\/\/api.w.org\/{rel}","templated":true}]}}